{"id":402,"date":"2023-10-06T17:00:37","date_gmt":"2023-10-06T15:00:37","guid":{"rendered":"https:\/\/www.ylavocats.com\/?page_id=402"},"modified":"2023-11-21T17:38:33","modified_gmt":"2023-11-21T16:38:33","slug":"mentions-legales","status":"publish","type":"page","link":"https:\/\/www.ylavocats.com\/en\/mentions-legales\/","title":{"rendered":"MENTIONS LEGALES"},"content":{"rendered":"<p>Vous \u00eates actuellement sur le site internet du cabinet YL Avocats, accessible \u00e0 l\u2019adresse suivante : <a href=\"https:\/\/www.ylavocats.com\">https:\/\/www.ylavocats.com<\/a> (ci-apr\u00e8s \u00ab le Site \u00bb).<\/p>\n<p><strong>\u00c9diteur<\/strong><\/p>\n<p>L\u2019\u00e9diteur du Site est YL Avocats domicili\u00e9e au 114, rue des Moines, 75017 Paris (France), dont le num\u00e9ro de SIRET est le 84944162100018.<br \/>\nVous pouvez prendre contact avec l\u2019\u00e9diteur en utilisant les coordonn\u00e9es suivantes : <a href=\"mailto:m.bailly@ylavocats.com\">m.bailly@ylavocats.com<\/a>.<br \/>\nIl vous est par ailleurs rappel\u00e9 que l\u2019\u00e9diteur est Avocat inscrit au barreau de Paris et est soumis en cette qualit\u00e9 aux r\u00e8gles professionnelles applicables aux Avocats.<\/p>\n<p><strong>Directeur de la publication<\/strong><\/p>\n<p>Le directeur de la publication est Me Marc Bailly, Avocat associ\u00e9.<\/p>\n<p><strong>Conception et r\u00e9alisation<\/strong><\/p>\n<p>La conception et la r\u00e9alisation du site sont assur\u00e9es par la SAS Deux Quatre, sp\u00e9cialis\u00e9e en communication publique et juridique \u2013 https:\/\/www.deuxquatre.fr.<\/p>\n<p><strong>H\u00e9bergement<\/strong><\/p>\n<p>L\u2019h\u00e9bergement du site est assur\u00e9 par Rocket Services (Paris).<\/p>\n","protected":false},"excerpt":{"rendered":"<p>Vous \u00eates actuellement sur le site internet du cabinet YL Avocats, accessible \u00e0 l\u2019adresse suivante : https:\/\/www.ylavocats.com (ci-apr\u00e8s \u00ab le Site \u00bb). \u00c9diteur L\u2019\u00e9diteur du Site est YL Avocats domicili\u00e9e au 114, rue des Moines, 75017 Paris (France), dont le num\u00e9ro de SIRET est le 84944162100018. Vous pouvez prendre contact avec l\u2019\u00e9diteur en utilisant les [&hellip;]<\/p>\n","protected":false},"author":4,"featured_media":0,"parent":0,"menu_order":0,"comment_status":"closed","ping_status":"closed","template":"","meta":{"_acf_changed":false,"footnotes":""},"class_list":["post-402","page","type-page","status-publish","hentry"],"acf":[],"yoast_head":"<!-- This site is optimized with the Yoast SEO plugin v26.0 - https:\/\/yoast.com\/wordpress\/plugins\/seo\/ -->\n<title>MENTIONS LEGALES - YL avocats<\/title>\n<meta name=\"robots\" content=\"index, follow, max-snippet:-1, max-image-preview:large, max-video-preview:-1\" \/>\n<link rel=\"canonical\" href=\"https:\/\/www.ylavocats.com\/en\/mentions-legales\/\" \/>\n<meta property=\"og:locale\" content=\"en_US\" \/>\n<meta property=\"og:type\" content=\"article\" \/>\n<meta property=\"og:title\" content=\"MENTIONS LEGALES - YL avocats\" \/>\n<meta property=\"og:description\" content=\"Vous \u00eates actuellement sur le site internet du cabinet YL Avocats, accessible \u00e0 l\u2019adresse suivante : https:\/\/www.ylavocats.com (ci-apr\u00e8s \u00ab le Site \u00bb). \u00c9diteur L\u2019\u00e9diteur du Site est YL Avocats domicili\u00e9e au 114, rue des Moines, 75017 Paris (France), dont le num\u00e9ro de SIRET est le 84944162100018. Vous pouvez prendre contact avec l\u2019\u00e9diteur en utilisant les [&hellip;]\" \/>\n<meta property=\"og:url\" content=\"https:\/\/www.ylavocats.com\/en\/mentions-legales\/\" \/>\n<meta property=\"og:site_name\" content=\"YL avocats\" \/>\n<meta property=\"article:modified_time\" content=\"2023-11-21T16:38:33+00:00\" \/>\n<meta name=\"twitter:card\" content=\"summary_large_image\" \/>\n<meta name=\"twitter:label1\" content=\"Est. reading time\" \/>\n\t<meta name=\"twitter:data1\" content=\"1 minute\" \/>\n<script type=\"application\/ld+json\" class=\"yoast-schema-graph\">{\"@context\":\"https:\/\/schema.org\",\"@graph\":[{\"@type\":\"WebPage\",\"@id\":\"https:\/\/www.ylavocats.com\/en\/mentions-legales\/\",\"url\":\"https:\/\/www.ylavocats.com\/en\/mentions-legales\/\",\"name\":\"MENTIONS LEGALES - YL avocats\",\"isPartOf\":{\"@id\":\"https:\/\/www.ylavocats.com\/#website\"},\"datePublished\":\"2023-10-06T15:00:37+00:00\",\"dateModified\":\"2023-11-21T16:38:33+00:00\",\"breadcrumb\":{\"@id\":\"https:\/\/www.ylavocats.com\/en\/mentions-legales\/#breadcrumb\"},\"inLanguage\":\"en-US\",\"potentialAction\":[{\"@type\":\"ReadAction\",\"target\":[\"https:\/\/www.ylavocats.com\/en\/mentions-legales\/\"]}]},{\"@type\":\"BreadcrumbList\",\"@id\":\"https:\/\/www.ylavocats.com\/en\/mentions-legales\/#breadcrumb\",\"itemListElement\":[{\"@type\":\"ListItem\",\"position\":1,\"name\":\"Accueil\",\"item\":\"https:\/\/www.ylavocats.com\/en\/\"},{\"@type\":\"ListItem\",\"position\":2,\"name\":\"MENTIONS LEGALES\"}]},{\"@type\":\"WebSite\",\"@id\":\"https:\/\/www.ylavocats.com\/#website\",\"url\":\"https:\/\/www.ylavocats.com\/\",\"name\":\"YL avocats\",\"description\":\"\",\"publisher\":{\"@id\":\"https:\/\/www.ylavocats.com\/#organization\"},\"potentialAction\":[{\"@type\":\"SearchAction\",\"target\":{\"@type\":\"EntryPoint\",\"urlTemplate\":\"https:\/\/www.ylavocats.com\/?s={search_term_string}\"},\"query-input\":{\"@type\":\"PropertyValueSpecification\",\"valueRequired\":true,\"valueName\":\"search_term_string\"}}],\"inLanguage\":\"en-US\"},{\"@type\":\"Organization\",\"@id\":\"https:\/\/www.ylavocats.com\/#organization\",\"name\":\"YL avocats\",\"url\":\"https:\/\/www.ylavocats.com\/\",\"logo\":{\"@type\":\"ImageObject\",\"inLanguage\":\"en-US\",\"@id\":\"https:\/\/www.ylavocats.com\/#\/schema\/logo\/image\/\",\"url\":\"https:\/\/www.ylavocats.com\/wp-content\/uploads\/2023\/07\/cropped-LOGO_YL-VERT-1.png\",\"contentUrl\":\"https:\/\/www.ylavocats.com\/wp-content\/uploads\/2023\/07\/cropped-LOGO_YL-VERT-1.png\",\"width\":51,\"height\":50,\"caption\":\"YL avocats\"},\"image\":{\"@id\":\"https:\/\/www.ylavocats.com\/#\/schema\/logo\/image\/\"},\"sameAs\":[\"https:\/\/www.linkedin.com\/company\/yl-avocats\/\"]}]}<\/script>\n<!-- \/ Yoast SEO plugin. -->","yoast_head_json":{"title":"MENTIONS LEGALES - YL avocats","robots":{"index":"index","follow":"follow","max-snippet":"max-snippet:-1","max-image-preview":"max-image-preview:large","max-video-preview":"max-video-preview:-1"},"canonical":"https:\/\/www.ylavocats.com\/en\/mentions-legales\/","og_locale":"en_US","og_type":"article","og_title":"MENTIONS LEGALES - YL avocats","og_description":"Vous \u00eates actuellement sur le site internet du cabinet YL Avocats, accessible \u00e0 l\u2019adresse suivante : https:\/\/www.ylavocats.com (ci-apr\u00e8s \u00ab le Site \u00bb). \u00c9diteur L\u2019\u00e9diteur du Site est YL Avocats domicili\u00e9e au 114, rue des Moines, 75017 Paris (France), dont le num\u00e9ro de SIRET est le 84944162100018. Vous pouvez prendre contact avec l\u2019\u00e9diteur en utilisant les [&hellip;]","og_url":"https:\/\/www.ylavocats.com\/en\/mentions-legales\/","og_site_name":"YL avocats","article_modified_time":"2023-11-21T16:38:33+00:00","twitter_card":"summary_large_image","twitter_misc":{"Est. reading time":"1 minute"},"schema":{"@context":"https:\/\/schema.org","@graph":[{"@type":"WebPage","@id":"https:\/\/www.ylavocats.com\/en\/mentions-legales\/","url":"https:\/\/www.ylavocats.com\/en\/mentions-legales\/","name":"MENTIONS LEGALES - YL avocats","isPartOf":{"@id":"https:\/\/www.ylavocats.com\/#website"},"datePublished":"2023-10-06T15:00:37+00:00","dateModified":"2023-11-21T16:38:33+00:00","breadcrumb":{"@id":"https:\/\/www.ylavocats.com\/en\/mentions-legales\/#breadcrumb"},"inLanguage":"en-US","potentialAction":[{"@type":"ReadAction","target":["https:\/\/www.ylavocats.com\/en\/mentions-legales\/"]}]},{"@type":"BreadcrumbList","@id":"https:\/\/www.ylavocats.com\/en\/mentions-legales\/#breadcrumb","itemListElement":[{"@type":"ListItem","position":1,"name":"Accueil","item":"https:\/\/www.ylavocats.com\/en\/"},{"@type":"ListItem","position":2,"name":"MENTIONS LEGALES"}]},{"@type":"WebSite","@id":"https:\/\/www.ylavocats.com\/#website","url":"https:\/\/www.ylavocats.com\/","name":"YL avocats","description":"","publisher":{"@id":"https:\/\/www.ylavocats.com\/#organization"},"potentialAction":[{"@type":"SearchAction","target":{"@type":"EntryPoint","urlTemplate":"https:\/\/www.ylavocats.com\/?s={search_term_string}"},"query-input":{"@type":"PropertyValueSpecification","valueRequired":true,"valueName":"search_term_string"}}],"inLanguage":"en-US"},{"@type":"Organization","@id":"https:\/\/www.ylavocats.com\/#organization","name":"YL avocats","url":"https:\/\/www.ylavocats.com\/","logo":{"@type":"ImageObject","inLanguage":"en-US","@id":"https:\/\/www.ylavocats.com\/#\/schema\/logo\/image\/","url":"https:\/\/www.ylavocats.com\/wp-content\/uploads\/2023\/07\/cropped-LOGO_YL-VERT-1.png","contentUrl":"https:\/\/www.ylavocats.com\/wp-content\/uploads\/2023\/07\/cropped-LOGO_YL-VERT-1.png","width":51,"height":50,"caption":"YL avocats"},"image":{"@id":"https:\/\/www.ylavocats.com\/#\/schema\/logo\/image\/"},"sameAs":["https:\/\/www.linkedin.com\/company\/yl-avocats\/"]}]}},"_links":{"self":[{"href":"https:\/\/www.ylavocats.com\/en\/wp-json\/wp\/v2\/pages\/402","targetHints":{"allow":["GET"]}}],"collection":[{"href":"https:\/\/www.ylavocats.com\/en\/wp-json\/wp\/v2\/pages"}],"about":[{"href":"https:\/\/www.ylavocats.com\/en\/wp-json\/wp\/v2\/types\/page"}],"author":[{"embeddable":true,"href":"https:\/\/www.ylavocats.com\/en\/wp-json\/wp\/v2\/users\/4"}],"replies":[{"embeddable":true,"href":"https:\/\/www.ylavocats.com\/en\/wp-json\/wp\/v2\/comments?post=402"}],"version-history":[{"count":1,"href":"https:\/\/www.ylavocats.com\/en\/wp-json\/wp\/v2\/pages\/402\/revisions"}],"predecessor-version":[{"id":403,"href":"https:\/\/www.ylavocats.com\/en\/wp-json\/wp\/v2\/pages\/402\/revisions\/403"}],"wp:attachment":[{"href":"https:\/\/www.ylavocats.com\/en\/wp-json\/wp\/v2\/media?parent=402"}],"curies":[{"name":"wp","href":"https:\/\/api.w.org\/{rel}","templated":true}]}}